{"id":2499,"date":"2023-03-22T14:17:16","date_gmt":"2023-03-22T18:17:16","guid":{"rendered":"https:\/\/demorc.globalexcel.com\/eine-apotheke-finden\/"},"modified":"2024-01-30T16:18:03","modified_gmt":"2024-01-30T21:18:03","slug":"eine-apotheke-finden","status":"publish","type":"page","link":"https:\/\/siemens.globalexcel.com\/de\/eine-apotheke-finden\/","title":{"rendered":"Eine Apotheke finden"},"content":{"rendered":"\t\t<div data-elementor-type=\"wp-page\" data-elementor-id=\"2499\" class=\"elementor elementor-2499 elementor-1747\" data-elementor-post-type=\"page\">\n\t\t\t\t<div class=\"elementor-element elementor-element-65a3a47 e-flex e-con-boxed e-con e-parent\" data-id=\"65a3a47\" data-element_type=\"container\" data-settings=\"{&quot;background_background&quot;:&quot;classic&quot;}\">\n\t\t\t\t\t<div class=\"e-con-inner\">\n\t\t\t\t<div class=\"elementor-element elementor-element-74d447a elementor-widget elementor-widget-heading\" data-id=\"74d447a\" data-element_type=\"widget\" data-widget_type=\"heading.default\">\n\t\t\t\t<div class=\"elementor-widget-container\">\n\t\t\t<style>\/*! elementor - v3.21.0 - 30-04-2024 *\/\n.elementor-heading-title{padding:0;margin:0;line-height:1}.elementor-widget-heading .elementor-heading-title[class*=elementor-size-]>a{color:inherit;font-size:inherit;line-height:inherit}.elementor-widget-heading .elementor-heading-title.elementor-size-small{font-size:15px}.elementor-widget-heading .elementor-heading-title.elementor-size-medium{font-size:19px}.elementor-widget-heading .elementor-heading-title.elementor-size-large{font-size:29px}.elementor-widget-heading .elementor-heading-title.elementor-size-xl{font-size:39px}.elementor-widget-heading .elementor-heading-title.elementor-size-xxl{font-size:59px}<\/style><h1 class=\"elementor-heading-title elementor-size-default\">Eine Apotheke finden<\/h1>\t\t<\/div>\n\t\t\t\t<\/div>\n\t\t\t\t\t<\/div>\n\t\t\t\t<\/div>\n\t\t<div class=\"elementor-element elementor-element-da69158 e-flex e-con-boxed e-con e-parent\" data-id=\"da69158\" data-element_type=\"container\">\n\t\t\t\t\t<div class=\"e-con-inner\">\n\t\t\t\t<div class=\"elementor-element elementor-element-16dee9f elementor-widget elementor-widget-heading\" data-id=\"16dee9f\" data-element_type=\"widget\" data-widget_type=\"heading.default\">\n\t\t\t\t<div class=\"elementor-widget-container\">\n\t\t\t<h2 class=\"elementor-heading-title elementor-size-default\"><strong>Global Excel<\/strong> und <strong>CVS\/Caremark<\/strong> haben sich zusammengetan, um eines der gr\u00f6\u00dften nationalen Apothekennetzwerke bereitzustellen, das Ihnen faire Preise und einen bequemen Zugang garantiert.<\/h2>\t\t<\/div>\n\t\t\t\t<\/div>\n\t\t<div class=\"elementor-element elementor-element-3689a63 e-con-full e-flex e-con e-child\" data-id=\"3689a63\" data-element_type=\"container\">\n\t\t\t\t<div class=\"elementor-element elementor-element-a2dfe57 elementor-widget elementor-widget-button\" data-id=\"a2dfe57\" data-element_type=\"widget\" data-widget_type=\"button.default\">\n\t\t\t\t<div class=\"elementor-widget-container\">\n\t\t\t\t\t<div class=\"elementor-button-wrapper\">\n\t\t\t<a class=\"elementor-button elementor-button-link elementor-size-xl\" href=\"https:\/\/www.caremark.com\/portal\/asset\/olympus_pharm.htm\" target=\"_blank\">\n\t\t\t\t\t\t<span class=\"elementor-button-content-wrapper\">\n\t\t\t\t\t\t<span class=\"elementor-button-icon elementor-align-icon-right\">\n\t\t\t\t<i aria-hidden=\"true\" class=\"fas fa-arrow-right\"><\/i>\t\t\t<\/span>\n\t\t\t\t\t\t\t\t\t<span class=\"elementor-button-text\">Eine Apotheke finden<\/span>\n\t\t\t\t\t<\/span>\n\t\t\t\t\t<\/a>\n\t\t<\/div>\n\t\t\t\t<\/div>\n\t\t\t\t<\/div>\n\t\t\t\t<\/div>\n\t\t\t\t<div class=\"elementor-element elementor-element-1501a1f elementor-widget-divider--view-line elementor-widget elementor-widget-divider\" data-id=\"1501a1f\" data-element_type=\"widget\" data-widget_type=\"divider.default\">\n\t\t\t\t<div class=\"elementor-widget-container\">\n\t\t\t<style>\/*! elementor - v3.21.0 - 30-04-2024 *\/\n.elementor-widget-divider{--divider-border-style:none;--divider-border-width:1px;--divider-color:#0c0d0e;--divider-icon-size:20px;--divider-element-spacing:10px;--divider-pattern-height:24px;--divider-pattern-size:20px;--divider-pattern-url:none;--divider-pattern-repeat:repeat-x}.elementor-widget-divider .elementor-divider{display:flex}.elementor-widget-divider .elementor-divider__text{font-size:15px;line-height:1;max-width:95%}.elementor-widget-divider .elementor-divider__element{margin:0 var(--divider-element-spacing);flex-shrink:0}.elementor-widget-divider .elementor-icon{font-size:var(--divider-icon-size)}.elementor-widget-divider .elementor-divider-separator{display:flex;margin:0;direction:ltr}.elementor-widget-divider--view-line_icon .elementor-divider-separator,.elementor-widget-divider--view-line_text .elementor-divider-separator{align-items:center}.elementor-widget-divider--view-line_icon .elementor-divider-separator:after,.elementor-widget-divider--view-line_icon .elementor-divider-separator:before,.elementor-widget-divider--view-line_text .elementor-divider-separator:after,.elementor-widget-divider--view-line_text .elementor-divider-separator:before{display:block;content:\"\";border-block-end:0;flex-grow:1;border-block-start:var(--divider-border-width) var(--divider-border-style) var(--divider-color)}.elementor-widget-divider--element-align-left .elementor-divider .elementor-divider-separator>.elementor-divider__svg:first-of-type{flex-grow:0;flex-shrink:100}.elementor-widget-divider--element-align-left .elementor-divider-separator:before{content:none}.elementor-widget-divider--element-align-left .elementor-divider__element{margin-left:0}.elementor-widget-divider--element-align-right .elementor-divider .elementor-divider-separator>.elementor-divider__svg:last-of-type{flex-grow:0;flex-shrink:100}.elementor-widget-divider--element-align-right .elementor-divider-separator:after{content:none}.elementor-widget-divider--element-align-right .elementor-divider__element{margin-right:0}.elementor-widget-divider--element-align-start .elementor-divider .elementor-divider-separator>.elementor-divider__svg:first-of-type{flex-grow:0;flex-shrink:100}.elementor-widget-divider--element-align-start .elementor-divider-separator:before{content:none}.elementor-widget-divider--element-align-start .elementor-divider__element{margin-inline-start:0}.elementor-widget-divider--element-align-end .elementor-divider .elementor-divider-separator>.elementor-divider__svg:last-of-type{flex-grow:0;flex-shrink:100}.elementor-widget-divider--element-align-end .elementor-divider-separator:after{content:none}.elementor-widget-divider--element-align-end .elementor-divider__element{margin-inline-end:0}.elementor-widget-divider:not(.elementor-widget-divider--view-line_text):not(.elementor-widget-divider--view-line_icon) .elementor-divider-separator{border-block-start:var(--divider-border-width) var(--divider-border-style) var(--divider-color)}.elementor-widget-divider--separator-type-pattern{--divider-border-style:none}.elementor-widget-divider--separator-type-pattern.elementor-widget-divider--view-line .elementor-divider-separator,.elementor-widget-divider--separator-type-pattern:not(.elementor-widget-divider--view-line) .elementor-divider-separator:after,.elementor-widget-divider--separator-type-pattern:not(.elementor-widget-divider--view-line) .elementor-divider-separator:before,.elementor-widget-divider--separator-type-pattern:not([class*=elementor-widget-divider--view]) .elementor-divider-separator{width:100%;min-height:var(--divider-pattern-height);-webkit-mask-size:var(--divider-pattern-size) 100%;mask-size:var(--divider-pattern-size) 100%;-webkit-mask-repeat:var(--divider-pattern-repeat);mask-repeat:var(--divider-pattern-repeat);background-color:var(--divider-color);-webkit-mask-image:var(--divider-pattern-url);mask-image:var(--divider-pattern-url)}.elementor-widget-divider--no-spacing{--divider-pattern-size:auto}.elementor-widget-divider--bg-round{--divider-pattern-repeat:round}.rtl .elementor-widget-divider .elementor-divider__text{direction:rtl}.e-con-inner>.elementor-widget-divider,.e-con>.elementor-widget-divider{width:var(--container-widget-width,100%);--flex-grow:var(--container-widget-flex-grow)}<\/style>\t\t<div class=\"elementor-divider\">\n\t\t\t<span class=\"elementor-divider-separator\">\n\t\t\t\t\t\t<\/span>\n\t\t<\/div>\n\t\t\t\t<\/div>\n\t\t\t\t<\/div>\n\t\t\t\t<div class=\"elementor-element elementor-element-aa20d4a elementor-widget elementor-widget-heading\" data-id=\"aa20d4a\" data-element_type=\"widget\" data-widget_type=\"heading.default\">\n\t\t\t\t<div class=\"elementor-widget-container\">\n\t\t\t<h2 class=\"elementor-heading-title elementor-size-default\">Vorteile einer Mitgliedschaft im Netzwerk<\/h2>\t\t<\/div>\n\t\t\t\t<\/div>\n\t\t\t\t<div class=\"elementor-element elementor-element-365d676 elementor-widget elementor-widget-text-editor\" data-id=\"365d676\" data-element_type=\"widget\" data-widget_type=\"text-editor.default\">\n\t\t\t\t<div class=\"elementor-widget-container\">\n\t\t\t<style>\/*! elementor - v3.21.0 - 30-04-2024 *\/\n.elementor-widget-text-editor.elementor-drop-cap-view-stacked .elementor-drop-cap{background-color:#69727d;color:#fff}.elementor-widget-text-editor.elementor-drop-cap-view-framed .elementor-drop-cap{color:#69727d;border:3px solid;background-color:transparent}.elementor-widget-text-editor:not(.elementor-drop-cap-view-default) .elementor-drop-cap{margin-top:8px}.elementor-widget-text-editor:not(.elementor-drop-cap-view-default) .elementor-drop-cap-letter{width:1em;height:1em}.elementor-widget-text-editor .elementor-drop-cap{float:left;text-align:center;line-height:1;font-size:50px}.elementor-widget-text-editor .elementor-drop-cap-letter{display:inline-block}<\/style>\t\t\t\t<p><strong>Global Excel<\/strong> bietet Zugang zu \u00fcber 68.000 teilnehmenden Apotheken im ganzen Land durch <strong>CVS\/Caremark<\/strong> und deren Tochtergesellschaften. Die Mitgliedschaft in diesem Netzwerk stellt sicher, dass Sie Verschreibungen nicht aus eigener Tasche bezahlen m\u00fcssen, und Sie k\u00f6nnen mit dem <strong>CVS Caremark-Programm<\/strong> f\u00fcr verschreibungspflichtige Medikamente auch den Preis Ihrer Medikamente senken. <\/p>\n<p>Das Netzwerk umfasst Apotheken wie CVS, Target, Walmart, Walgreens, Publix, Rite Aid und andere. Folgen Sie dem untenstehenden Link und finden Sie die n\u00e4chstgelegene Apotheke. <\/p>\n\t\t\t\t\t\t<\/div>\n\t\t\t\t<\/div>\n\t\t\t\t<div class=\"elementor-element elementor-element-0a70708 elementor-widget-divider--view-line elementor-widget elementor-widget-divider\" data-id=\"0a70708\" data-element_type=\"widget\" data-widget_type=\"divider.default\">\n\t\t\t\t<div class=\"elementor-widget-container\">\n\t\t\t\t\t<div class=\"elementor-divider\">\n\t\t\t<span class=\"elementor-divider-separator\">\n\t\t\t\t\t\t<\/span>\n\t\t<\/div>\n\t\t\t\t<\/div>\n\t\t\t\t<\/div>\n\t\t\t\t<div class=\"elementor-element elementor-element-372bc0c elementor-widget elementor-widget-heading\" data-id=\"372bc0c\" data-element_type=\"widget\" data-widget_type=\"heading.default\">\n\t\t\t\t<div class=\"elementor-widget-container\">\n\t\t\t<h2 class=\"elementor-heading-title elementor-size-default\">Generika \u2013 bis zu 80 % billiger als Markenmedikamente <\/h2>\t\t<\/div>\n\t\t\t\t<\/div>\n\t\t\t\t<div class=\"elementor-element elementor-element-d2a43ba elementor-widget elementor-widget-image\" data-id=\"d2a43ba\" data-element_type=\"widget\" data-widget_type=\"image.default\">\n\t\t\t\t<div class=\"elementor-widget-container\">\n\t\t\t<style>\/*! elementor - v3.21.0 - 30-04-2024 *\/\n.elementor-widget-image{text-align:center}.elementor-widget-image a{display:inline-block}.elementor-widget-image a img[src$=\".svg\"]{width:48px}.elementor-widget-image img{vertical-align:middle;display:inline-block}<\/style>\t\t\t\t\t\t\t\t\t\t<img fetchpriority=\"high\" decoding=\"async\" width=\"1400\" height=\"576\" src=\"https:\/\/siemens.globalexcel.com\/wp-content\/uploads\/CVSHead-de.webp\" class=\"attachment-full size-full wp-image-2417\" alt=\"\" srcset=\"https:\/\/siemens.globalexcel.com\/wp-content\/uploads\/CVSHead-de.webp 1400w, https:\/\/siemens.globalexcel.com\/wp-content\/uploads\/CVSHead-de-768x316.webp 768w\" sizes=\"(max-width: 1400px) 100vw, 1400px\" \/>\t\t\t\t\t\t\t\t\t\t\t\t\t<\/div>\n\t\t\t\t<\/div>\n\t\t\t\t<div class=\"elementor-element elementor-element-227111d elementor-widget elementor-widget-text-editor\" data-id=\"227111d\" data-element_type=\"widget\" data-widget_type=\"text-editor.default\">\n\t\t\t\t<div class=\"elementor-widget-container\">\n\t\t\t\t\t\t\t<p><strong>GEM<\/strong> und <strong>CVS<\/strong> verfolgen zwei gemeinsame Ziele: Ihre Gesundheit und die Ihrer Familie zu erhalten und die Kosten f\u00fcr Sie und Ihren Arbeitgeber zu senken. In den USA verlangt die Food and Drug Administration, dass Generika die gleichen Standards erf\u00fcllen wie Markenmedikamente. Sie enthalten genau die gleichen Inhaltsstoffe, dennoch k\u00f6nnen Markenmedikamente bis zu 80 % teurer sein.  <\/p>\n<p>Sprechen Sie mit Ihrem Arzt oder Apotheker \u00fcber die Verf\u00fcgbarkeit von Generika, um Ihre Zuzahlung (falls zutreffend) zu senken und Ihren Arbeitgeber bei der Verwaltung der Gesundheitskosten zu unterst\u00fctzen.<\/p>\n<h3>Fakten der US-amerikanischen Arzneimittelzulassungsbeh\u00f6rde FDA (Food and Drug Administration)<\/h3>\n<ul>\n<li>Die FDA schreibt vor, dass Generika die gleichen Wirkstoffe, die gleiche St\u00e4rke und die gleiche Darreichungsform haben m\u00fcssen wie ihre Markenmedikamente.<\/li>\n<li>Die FDA verlangt den Nachweis, dass ein Generikum die gleiche Wirkung hat wie sein Markenprodukt.<\/li>\n<li>Die FDA \u00fcberwacht unerw\u00fcnschte Wirkungen und f\u00fchrt laufende Qualit\u00e4tskontrollen durch.<\/li>\n<li>Viele Generika werden in denselben Produktionsst\u00e4tten hergestellt wie Markenmedikamente und m\u00fcssen die gleichen Qualit\u00e4tsstandards erf\u00fcllen.<\/li>\n<\/ul>\n<h2><span style=\"color: #0b61b4;\">Sind Sie bereit, mit Generika zu sparen?<\/span><\/h2>\n<p><strong><span style=\"text-decoration: underline;\">Aktuelle Verschreibungen<\/span><\/strong><br \/>Wenn Sie derzeit ein Markenmedikament einnehmen, fragen Sie Ihren Arzt, ob ein Generikum verf\u00fcgbar ist, um es zu ersetzen, oder fragen Sie einfach den Apotheker, wenn Sie es nachf\u00fcllen!<\/p>\n<p><span style=\"text-decoration: underline;\"><strong>Neue Verschreibungen<\/strong><\/span><br \/>Wenn Sie ein neues Medikament verschrieben bekommen, fragen Sie bei der Ausstellung des Rezepts oder bei der Abf\u00fcllung in der Apotheke nach, ob ein Generikum verf\u00fcgbar ist.<\/p>\n\t\t\t\t\t\t<\/div>\n\t\t\t\t<\/div>\n\t\t\t\t<div class=\"elementor-element elementor-element-f0369b2 elementor-widget-divider--view-line elementor-widget elementor-widget-divider\" data-id=\"f0369b2\" data-element_type=\"widget\" data-widget_type=\"divider.default\">\n\t\t\t\t<div class=\"elementor-widget-container\">\n\t\t\t\t\t<div class=\"elementor-divider\">\n\t\t\t<span class=\"elementor-divider-separator\">\n\t\t\t\t\t\t<\/span>\n\t\t<\/div>\n\t\t\t\t<\/div>\n\t\t\t\t<\/div>\n\t\t\t\t<div class=\"elementor-element elementor-element-4823964 elementor-widget elementor-widget-text-editor\" data-id=\"4823964\" data-element_type=\"widget\" data-widget_type=\"text-editor.default\">\n\t\t\t\t<div class=\"elementor-widget-container\">\n\t\t\t\t\t\t\t<h2>Erhaltungsmedikation \u2013 Einsparungen und Bequemlichkeit<\/h2>\n\t\t\t\t\t\t<\/div>\n\t\t\t\t<\/div>\n\t\t<div class=\"elementor-element elementor-element-42ec018 e-con-full e-flex e-con e-child\" data-id=\"42ec018\" data-element_type=\"container\">\n\t\t\t\t<div class=\"elementor-element elementor-element-336520e elementor-widget elementor-widget-text-editor\" data-id=\"336520e\" data-element_type=\"widget\" data-widget_type=\"text-editor.default\">\n\t\t\t\t<div class=\"elementor-widget-container\">\n\t\t\t\t\t\t\t<h3>Ultimative Bequemlichkeit f\u00fcr Langzeit-Medikamentenrezepte<\/h3>\n<p>Wussten Sie, dass CVS Ihre Langzeitmedikamente nicht nur alle 30 Tage in der Apotheke einl\u00f6st, sondern auch einen 90-Tage-Vorrat direkt zu Ihnen nach Hause oder ins B\u00fcro liefern kann? Dies senkt nicht nur die Kosten, sondern hilft auch nachweislich bei der Einhaltung von Medikamenten. Wenn Sie bei Ihren Medikamenten eine Zuzahlung leisten m\u00fcssen, k\u00f6nnen Sie durch die Umstellung erhebliche Einsparungen erzielen.  <\/p>\n<\/p>\n<p><span style=\"text-align: var(--text-align); font-size: 1em;\">Weitere Informationen dar\u00fcber, wie Sie Ihr 90-Tage-Rezept per Post erhalten k\u00f6nnen<\/span>, <a style=\"text-align: var(--text-align); background-color: #ffffff; font-size: 1em;\" href=\"https:\/\/www.caremark.com\/manage-prescriptions\/rx-delivery-by-mail.html\" target=\"_blank\" rel=\"noopener\">finden Sie unter diesem Link oder<\/a> <span style=\"text-align: var(--text-align); font-size: 1em;\">in diesem kurzen Video.<\/span><\/p>\n\t\t\t\t\t\t<\/div>\n\t\t\t\t<\/div>\n\t\t\t\t<\/div>\n\t\t\t\t<div class=\"elementor-element elementor-element-58782dc elementor-hidden-desktop elementor-hidden-tablet elementor-hidden-mobile elementor-widget elementor-widget-video\" data-id=\"58782dc\" data-element_type=\"widget\" data-settings=\"{&quot;youtube_url&quot;:&quot;https:\\\/\\\/www.youtube.com\\\/watch?v=3mGqLdXRgSw&quot;,&quot;modestbranding&quot;:&quot;yes&quot;,&quot;video_type&quot;:&quot;youtube&quot;,&quot;controls&quot;:&quot;yes&quot;}\" data-widget_type=\"video.default\">\n\t\t\t\t<div class=\"elementor-widget-container\">\n\t\t\t<style>\/*! elementor - v3.21.0 - 30-04-2024 *\/\n.elementor-widget-video .elementor-widget-container{overflow:hidden;transform:translateZ(0)}.elementor-widget-video .elementor-wrapper{aspect-ratio:var(--video-aspect-ratio)}.elementor-widget-video .elementor-wrapper iframe,.elementor-widget-video .elementor-wrapper video{height:100%;width:100%;display:flex;border:none;background-color:#000}@supports not (aspect-ratio:1\/1){.elementor-widget-video .elementor-wrapper{position:relative;overflow:hidden;height:0;padding-bottom:calc(100% \/ var(--video-aspect-ratio))}.elementor-widget-video .elementor-wrapper iframe,.elementor-widget-video .elementor-wrapper video{position:absolute;top:0;right:0;bottom:0;left:0}}.elementor-widget-video .elementor-open-inline .elementor-custom-embed-image-overlay{position:absolute;top:0;right:0;bottom:0;left:0;background-size:cover;background-position:50%}.elementor-widget-video .elementor-custom-embed-image-overlay{cursor:pointer;text-align:center}.elementor-widget-video .elementor-custom-embed-image-overlay:hover .elementor-custom-embed-play i{opacity:1}.elementor-widget-video .elementor-custom-embed-image-overlay img{display:block;width:100%;aspect-ratio:var(--video-aspect-ratio);-o-object-fit:cover;object-fit:cover;-o-object-position:center center;object-position:center center}@supports not (aspect-ratio:1\/1){.elementor-widget-video .elementor-custom-embed-image-overlay{position:relative;overflow:hidden;height:0;padding-bottom:calc(100% \/ var(--video-aspect-ratio))}.elementor-widget-video .elementor-custom-embed-image-overlay img{position:absolute;top:0;right:0;bottom:0;left:0}}.elementor-widget-video .e-hosted-video .elementor-video{-o-object-fit:cover;object-fit:cover}.e-con-inner>.elementor-widget-video,.e-con>.elementor-widget-video{width:var(--container-widget-width);--flex-grow:var(--container-widget-flex-grow)}<\/style>\t\t<div class=\"elementor-wrapper elementor-open-inline\">\n\t\t\t<div class=\"elementor-video\"><\/div>\t\t<\/div>\n\t\t\t\t<\/div>\n\t\t\t\t<\/div>\n\t\t\t\t<div class=\"elementor-element elementor-element-f7b1a4b elementor-widget-divider--view-line elementor-widget elementor-widget-divider\" data-id=\"f7b1a4b\" data-element_type=\"widget\" data-widget_type=\"divider.default\">\n\t\t\t\t<div class=\"elementor-widget-container\">\n\t\t\t\t\t<div class=\"elementor-divider\">\n\t\t\t<span class=\"elementor-divider-separator\">\n\t\t\t\t\t\t<\/span>\n\t\t<\/div>\n\t\t\t\t<\/div>\n\t\t\t\t<\/div>\n\t\t\t\t<div class=\"elementor-element elementor-element-f0329ca elementor-widget elementor-widget-text-editor\" data-id=\"f0329ca\" data-element_type=\"widget\" data-widget_type=\"text-editor.default\">\n\t\t\t\t<div class=\"elementor-widget-container\">\n\t\t\t\t\t\t\t<h2>Spezialmedikamente<\/h2>\n<p>Spezialmedikamente oder Medikamente, die zur Behandlung chronischer, komplexer und\/oder seltener Krankheiten eingesetzt werden, k\u00f6nnen extrem teuer sein und die Kosten werden voraussichtlich weiter steigen.<\/p>\n<p>Schon die Wahl der richtigen Apotheke kann einen gro\u00dfen Einfluss auf Folgendes haben;<\/p>\n<ul>\n<li>die Kosten, die du aus eigener Tasche zahlen musst, zu minimieren<\/li>\n<li>den Komfort der direkten Abrechnung \u00fcber dein Apothekennetzwerk zu maximieren<\/li>\n<li>Deinem Arbeitgeber helfen, die Gesundheitskosten und Pr\u00e4mien zu senken.<\/li>\n<\/ul>\n<p>Um deine Spezialmedikamente \u00fcber eine CVS-Apotheke zu beziehen, besuche <a href=\"https:\/\/www.cvsspecialty.com\/wps\/portal\/specialty\">CVSspecialty.com\/enroll<\/a> oder rufe <strong>800-237-2767<\/strong> an, um weitere Informationen zu erhalten.<\/p>\n\t\t\t\t\t\t<\/div>\n\t\t\t\t<\/div>\n\t\t\t\t\t<\/div>\n\t\t\t\t<\/div>\n\t\t<div class=\"elementor-element elementor-element-dfde001 e-flex e-con-boxed e-con e-parent\" data-id=\"dfde001\" data-element_type=\"container\" data-settings=\"{&quot;background_background&quot;:&quot;classic&quot;}\">\n\t\t\t\t\t<div class=\"e-con-inner\">\n\t\t\t\t<div class=\"elementor-element elementor-element-ddbaf36 elementor-widget elementor-widget-button\" data-id=\"ddbaf36\" data-element_type=\"widget\" data-widget_type=\"button.default\">\n\t\t\t\t<div class=\"elementor-widget-container\">\n\t\t\t\t\t<div class=\"elementor-button-wrapper\">\n\t\t\t<a class=\"elementor-button elementor-button-link elementor-size-xl\" href=\"https:\/\/www.caremark.com\/portal\/asset\/olympus_pharm.htm\" target=\"_blank\">\n\t\t\t\t\t\t<span class=\"elementor-button-content-wrapper\">\n\t\t\t\t\t\t<span class=\"elementor-button-icon elementor-align-icon-right\">\n\t\t\t\t<i aria-hidden=\"true\" class=\"fas fa-arrow-right\"><\/i>\t\t\t<\/span>\n\t\t\t\t\t\t\t\t\t<span class=\"elementor-button-text\">Eine Apotheke finden<\/span>\n\t\t\t\t\t<\/span>\n\t\t\t\t\t<\/a>\n\t\t<\/div>\n\t\t\t\t<\/div>\n\t\t\t\t<\/div>\n\t\t\t\t\t<\/div>\n\t\t\t\t<\/div>\n\t\t\t\t<\/div>\n\t\t","protected":false},"excerpt":{"rendered":"<p>Eine Apotheke finden Global Excel und CVS\/Caremark haben sich zusammengetan, um eines der gr\u00f6\u00dften nationalen Apothekennetzwerke bereitzustellen, das Ihnen faire Preise und einen bequemen Zugang garantiert. Eine Apotheke finden Vorteile einer Mitgliedschaft im Netzwerk Global Excel bietet Zugang zu \u00fcber 68.000 teilnehmenden Apotheken im ganzen Land durch CVS\/Caremark und deren Tochtergesellschaften. Die Mitgliedschaft in diesem [&hellip;]<\/p>\n","protected":false},"author":2,"featured_media":0,"parent":0,"menu_order":0,"comment_status":"closed","ping_status":"closed","template":"","meta":{"inline_featured_image":false,"footnotes":""},"_links":{"self":[{"href":"https:\/\/siemens.globalexcel.com\/de\/wp-json\/wp\/v2\/pages\/2499"}],"collection":[{"href":"https:\/\/siemens.globalexcel.com\/de\/wp-json\/wp\/v2\/pages"}],"about":[{"href":"https:\/\/siemens.globalexcel.com\/de\/wp-json\/wp\/v2\/types\/page"}],"author":[{"embeddable":true,"href":"https:\/\/siemens.globalexcel.com\/de\/wp-json\/wp\/v2\/users\/2"}],"replies":[{"embeddable":true,"href":"https:\/\/siemens.globalexcel.com\/de\/wp-json\/wp\/v2\/comments?post=2499"}],"version-history":[{"count":9,"href":"https:\/\/siemens.globalexcel.com\/de\/wp-json\/wp\/v2\/pages\/2499\/revisions"}],"predecessor-version":[{"id":3272,"href":"https:\/\/siemens.globalexcel.com\/de\/wp-json\/wp\/v2\/pages\/2499\/revisions\/3272"}],"wp:attachment":[{"href":"https:\/\/siemens.globalexcel.com\/de\/wp-json\/wp\/v2\/media?parent=2499"}],"curies":[{"name":"wp","href":"https:\/\/api.w.org\/{rel}","templated":true}]}}