{"id":2949,"date":"2023-05-16T11:55:00","date_gmt":"2023-05-16T15:55:00","guid":{"rendered":"https:\/\/globality2023.switch.makemagik.com\/versicherungskarte\/"},"modified":"2024-04-30T10:06:03","modified_gmt":"2024-04-30T14:06:03","slug":"versicherungskarte","status":"publish","type":"page","link":"https:\/\/siemens.globalexcel.com\/de\/versicherungskarte\/","title":{"rendered":"Versicherungskarte"},"content":{"rendered":"\t\t<div data-elementor-type=\"wp-page\" data-elementor-id=\"2949\" class=\"elementor elementor-2949 elementor-2796\" data-elementor-post-type=\"page\">\n\t\t\t\t<div class=\"elementor-element elementor-element-65a3a47 e-flex e-con-boxed e-con e-parent\" data-id=\"65a3a47\" data-element_type=\"container\" data-settings=\"{&quot;background_background&quot;:&quot;classic&quot;}\">\n\t\t\t\t\t<div class=\"e-con-inner\">\n\t\t\t\t<div class=\"elementor-element elementor-element-74d447a elementor-widget elementor-widget-heading\" data-id=\"74d447a\" data-element_type=\"widget\" data-widget_type=\"heading.default\">\n\t\t\t\t<div class=\"elementor-widget-container\">\n\t\t\t<style>\/*! elementor - v3.21.0 - 30-04-2024 *\/\n.elementor-heading-title{padding:0;margin:0;line-height:1}.elementor-widget-heading .elementor-heading-title[class*=elementor-size-]>a{color:inherit;font-size:inherit;line-height:inherit}.elementor-widget-heading .elementor-heading-title.elementor-size-small{font-size:15px}.elementor-widget-heading .elementor-heading-title.elementor-size-medium{font-size:19px}.elementor-widget-heading .elementor-heading-title.elementor-size-large{font-size:29px}.elementor-widget-heading .elementor-heading-title.elementor-size-xl{font-size:39px}.elementor-widget-heading .elementor-heading-title.elementor-size-xxl{font-size:59px}<\/style><h1 class=\"elementor-heading-title elementor-size-default\">Versicherungskarte<\/h1>\t\t<\/div>\n\t\t\t\t<\/div>\n\t\t\t\t\t<\/div>\n\t\t\t\t<\/div>\n\t\t<div class=\"elementor-element elementor-element-da69158 e-flex e-con-boxed e-con e-parent\" data-id=\"da69158\" data-element_type=\"container\">\n\t\t\t\t\t<div class=\"e-con-inner\">\n\t\t\t\t<div class=\"elementor-element elementor-element-16dee9f elementor-widget elementor-widget-heading\" data-id=\"16dee9f\" data-element_type=\"widget\" data-widget_type=\"heading.default\">\n\t\t\t\t<div class=\"elementor-widget-container\">\n\t\t\t<h2 class=\"elementor-heading-title elementor-size-default\">Innerhalb der medizinischen Netzwerke AETNA und CVS m\u00fcssen Sie f\u00fcr keine Beratung selbst aufkommen.<\/h2>\t\t<\/div>\n\t\t\t\t<\/div>\n\t\t\t\t<div class=\"elementor-element elementor-element-8a5adf3 elementor-widget elementor-widget-text-editor\" data-id=\"8a5adf3\" data-element_type=\"widget\" data-widget_type=\"text-editor.default\">\n\t\t\t\t<div class=\"elementor-widget-container\">\n\t\t\t<style>\/*! elementor - v3.21.0 - 30-04-2024 *\/\n.elementor-widget-text-editor.elementor-drop-cap-view-stacked .elementor-drop-cap{background-color:#69727d;color:#fff}.elementor-widget-text-editor.elementor-drop-cap-view-framed .elementor-drop-cap{color:#69727d;border:3px solid;background-color:transparent}.elementor-widget-text-editor:not(.elementor-drop-cap-view-default) .elementor-drop-cap{margin-top:8px}.elementor-widget-text-editor:not(.elementor-drop-cap-view-default) .elementor-drop-cap-letter{width:1em;height:1em}.elementor-widget-text-editor .elementor-drop-cap{float:left;text-align:center;line-height:1;font-size:50px}.elementor-widget-text-editor .elementor-drop-cap-letter{display:inline-block}<\/style>\t\t\t\t<div class=\"wpb_text_column wpb_content_element \">\n<div class=\"wpb_wrapper\">\n<p>Legen Sie daher bitte Ihre Versicherungskarte bei Ihrem Gesundheitsdienstleister (\u00c4rzte, Krankenh\u00e4user) vor und erw\u00e4hnen Sie, dass es sich um das Netzwerk Aetna Passport to Healthcare (auch bekannt als Aetna Global PPO) handelt. Sobald die Karte vorgelegt wird, setzt sich das B\u00fcro des Leistungserbringers mit GEM in Verbindung, um weitere Einzelheiten zu erfragen und zu \u00fcberpr\u00fcfen. <\/p>\n<h3><strong>Bitte legen Sie die Karte bei jedem Besuch und jeder Behandlung vor.<\/strong><\/h3>\n<p>Es ist wichtig, dass Sie Ihre Versicherungskarte immer bei sich tragen. Auf der R\u00fcckseite der Karte befinden sich wichtige Informationen, die es den medizinischen Leistungserbringern erm\u00f6glichen, ihre Anspr\u00fcche an Global Excel Management zur Bearbeitung weiterzuleiten. Wird die Versicherungskarte dem medizinischen Leistungserbringer nicht vorgelegt, werden Rechnungen und Mahnungen direkt an Sie geschickt.  <\/p>\n<\/div>\n<\/div>\n<div id=\"fws_645a772870c56\" class=\"wpb_row vc_row-fluid vc_row inner_row\" data-midnight=\"\" data-column-margin=\"default\">\n<div class=\"row-bg-wrap\">\n<div class=\"row-bg\"> <\/div>\n<\/div>\n<div class=\"row_col_wrap_12_inner col span_12 left\">\n<div class=\"vc_col-sm-6 wpb_column column_container vc_column_container col child_column padding-2-percent\" data-padding-pos=\"all\" data-has-bg-color=\"false\" data-bg-color=\"\" data-bg-opacity=\"1\" data-animation=\"\" data-delay=\"0\">\n<div class=\"vc_column-inner\">\n<div class=\"wpb_wrapper\">\n<div class=\"img-with-aniamtion-wrap right\" data-max-width=\"100%\" data-max-width-mobile=\"100%\" data-shadow=\"none\" data-animation=\"fade-in-from-right\">\n<div class=\"inner\">\n<div class=\"hover-wrap\"> <\/div>\n<\/div>\n<\/div>\n<\/div>\n<\/div>\n<\/div>\n<\/div>\n<\/div>\n\t\t\t\t\t\t<\/div>\n\t\t\t\t<\/div>\n\t\t<div class=\"elementor-element elementor-element-3639f30 e-flex e-con-boxed e-con e-child\" data-id=\"3639f30\" data-element_type=\"container\">\n\t\t\t\t\t<div class=\"e-con-inner\">\n\t\t<div class=\"elementor-element elementor-element-dcdfcbb e-con-full e-flex e-con e-child\" data-id=\"dcdfcbb\" data-element_type=\"container\">\n\t\t\t\t<div class=\"elementor-element elementor-element-ca789d3 elementor-invisible elementor-widget elementor-widget-image\" data-id=\"ca789d3\" data-element_type=\"widget\" data-settings=\"{&quot;_animation&quot;:&quot;fadeInLeft&quot;}\" data-widget_type=\"image.default\">\n\t\t\t\t<div class=\"elementor-widget-container\">\n\t\t\t<style>\/*! elementor - v3.21.0 - 30-04-2024 *\/\n.elementor-widget-image{text-align:center}.elementor-widget-image a{display:inline-block}.elementor-widget-image a img[src$=\".svg\"]{width:48px}.elementor-widget-image img{vertical-align:middle;display:inline-block}<\/style>\t\t\t\t\t\t\t\t\t\t\t<a href=\"https:\/\/siemens.globalexcel.com\/wp-content\/uploads\/siemens_globality_front_card.jpg\" data-elementor-open-lightbox=\"yes\" data-elementor-lightbox-title=\"siemens_globality_front_card\" data-e-action-hash=\"#elementor-action%3Aaction%3Dlightbox%26settings%3DeyJpZCI6MzMxMiwidXJsIjoiaHR0cHM6XC9cL3NpZW1lbnMuZ2xvYmFsZXhjZWwuY29tXC93cC1jb250ZW50XC91cGxvYWRzXC9zaWVtZW5zX2dsb2JhbGl0eV9mcm9udF9jYXJkLmpwZyJ9\">\n\t\t\t\t\t\t\t<img fetchpriority=\"high\" decoding=\"async\" width=\"834\" height=\"500\" src=\"https:\/\/siemens.globalexcel.com\/wp-content\/uploads\/siemens_globality_front_card.jpg\" class=\"attachment-large size-large wp-image-3312\" alt=\"\" srcset=\"https:\/\/siemens.globalexcel.com\/wp-content\/uploads\/siemens_globality_front_card.jpg 834w, https:\/\/siemens.globalexcel.com\/wp-content\/uploads\/siemens_globality_front_card-768x460.jpg 768w\" sizes=\"(max-width: 834px) 100vw, 834px\" \/>\t\t\t\t\t\t\t\t<\/a>\n\t\t\t\t\t\t\t\t\t\t\t\t\t<\/div>\n\t\t\t\t<\/div>\n\t\t\t\t<div class=\"elementor-element elementor-element-26b0e0e elementor-widget elementor-widget-text-editor\" data-id=\"26b0e0e\" data-element_type=\"widget\" data-widget_type=\"text-editor.default\">\n\t\t\t\t<div class=\"elementor-widget-container\">\n\t\t\t\t\t\t\t<p><em>Vorderseite<\/em><\/p>\n\t\t\t\t\t\t<\/div>\n\t\t\t\t<\/div>\n\t\t\t\t<\/div>\n\t\t<div class=\"elementor-element elementor-element-a8ef35e e-con-full e-flex e-con e-child\" data-id=\"a8ef35e\" data-element_type=\"container\">\n\t\t\t\t<div class=\"elementor-element elementor-element-725bd54 elementor-invisible elementor-widget elementor-widget-image\" data-id=\"725bd54\" data-element_type=\"widget\" data-settings=\"{&quot;_animation&quot;:&quot;fadeInLeft&quot;}\" data-widget_type=\"image.default\">\n\t\t\t\t<div class=\"elementor-widget-container\">\n\t\t\t\t\t\t\t\t\t\t\t\t\t\t<a href=\"https:\/\/siemens.globalexcel.com\/wp-content\/uploads\/siemens_globalityNB_back_card-1.jpg\" data-elementor-open-lightbox=\"yes\" data-elementor-lightbox-title=\"siemens_globalityNB_back_card\" data-e-action-hash=\"#elementor-action%3Aaction%3Dlightbox%26settings%3DeyJpZCI6MzM0NSwidXJsIjoiaHR0cHM6XC9cL3NpZW1lbnMuZ2xvYmFsZXhjZWwuY29tXC93cC1jb250ZW50XC91cGxvYWRzXC9zaWVtZW5zX2dsb2JhbGl0eU5CX2JhY2tfY2FyZC0xLmpwZyJ9\">\n\t\t\t\t\t\t\t<img decoding=\"async\" width=\"801\" height=\"504\" src=\"https:\/\/siemens.globalexcel.com\/wp-content\/uploads\/siemens_globalityNB_back_card-1.jpg\" class=\"attachment-large size-large wp-image-3345\" alt=\"\" srcset=\"https:\/\/siemens.globalexcel.com\/wp-content\/uploads\/siemens_globalityNB_back_card-1.jpg 801w, https:\/\/siemens.globalexcel.com\/wp-content\/uploads\/siemens_globalityNB_back_card-1-768x483.jpg 768w\" sizes=\"(max-width: 801px) 100vw, 801px\" \/>\t\t\t\t\t\t\t\t<\/a>\n\t\t\t\t\t\t\t\t\t\t\t\t\t<\/div>\n\t\t\t\t<\/div>\n\t\t\t\t<div class=\"elementor-element elementor-element-c1b27e3 elementor-widget elementor-widget-text-editor\" data-id=\"c1b27e3\" data-element_type=\"widget\" data-widget_type=\"text-editor.default\">\n\t\t\t\t<div class=\"elementor-widget-container\">\n\t\t\t\t\t\t\t<p><em>R\u00fcckseite<\/em><\/p>\n\t\t\t\t\t\t<\/div>\n\t\t\t\t<\/div>\n\t\t\t\t<\/div>\n\t\t\t\t\t<\/div>\n\t\t\t\t<\/div>\n\t\t\t\t\t<\/div>\n\t\t\t\t<\/div>\n\t\t\t\t<\/div>\n\t\t","protected":false},"excerpt":{"rendered":"<p>Versicherungskarte Innerhalb der medizinischen Netzwerke AETNA und CVS m\u00fcssen Sie f\u00fcr keine Beratung selbst aufkommen. Legen Sie daher bitte Ihre Versicherungskarte bei Ihrem Gesundheitsdienstleister (\u00c4rzte, Krankenh\u00e4user) vor und erw\u00e4hnen Sie, dass es sich um das Netzwerk Aetna Passport to Healthcare (auch bekannt als Aetna Global PPO) handelt. Sobald die Karte vorgelegt wird, setzt sich das [&hellip;]<\/p>\n","protected":false},"author":3,"featured_media":0,"parent":0,"menu_order":0,"comment_status":"closed","ping_status":"closed","template":"","meta":{"inline_featured_image":false,"footnotes":""},"_links":{"self":[{"href":"https:\/\/siemens.globalexcel.com\/de\/wp-json\/wp\/v2\/pages\/2949"}],"collection":[{"href":"https:\/\/siemens.globalexcel.com\/de\/wp-json\/wp\/v2\/pages"}],"about":[{"href":"https:\/\/siemens.globalexcel.com\/de\/wp-json\/wp\/v2\/types\/page"}],"author":[{"embeddable":true,"href":"https:\/\/siemens.globalexcel.com\/de\/wp-json\/wp\/v2\/users\/3"}],"replies":[{"embeddable":true,"href":"https:\/\/siemens.globalexcel.com\/de\/wp-json\/wp\/v2\/comments?post=2949"}],"version-history":[{"count":13,"href":"https:\/\/siemens.globalexcel.com\/de\/wp-json\/wp\/v2\/pages\/2949\/revisions"}],"predecessor-version":[{"id":3363,"href":"https:\/\/siemens.globalexcel.com\/de\/wp-json\/wp\/v2\/pages\/2949\/revisions\/3363"}],"wp:attachment":[{"href":"https:\/\/siemens.globalexcel.com\/de\/wp-json\/wp\/v2\/media?parent=2949"}],"curies":[{"name":"wp","href":"https:\/\/api.w.org\/{rel}","templated":true}]}}